{"id":8056,"date":"2024-11-15T11:44:50","date_gmt":"2024-11-15T10:44:50","guid":{"rendered":"https:\/\/eurasiefreres.com\/product\/raviolis-asiatiques\/"},"modified":"2024-11-15T11:44:50","modified_gmt":"2024-11-15T10:44:50","slug":"raviolis-asiatiques","status":"publish","type":"product","link":"https:\/\/eurasiefreres.com\/en\/product\/raviolis-asiatiques\/","title":{"rendered":"Raviolis asiatiques"},"content":{"rendered":"\n\t\t<style type=\"text\/css\">\n\t\t\t#gallery-1 {\n\t\t\t\tmargin: auto;\n\t\t\t}\n\t\t\t#gallery-1 .gallery-item {\n\t\t\t\tfloat: left;\n\t\t\t\tmargin-top: 10px;\n\t\t\t\ttext-align: center;\n\t\t\t\twidth: 100%;\n\t\t\t}\n\t\t\t#gallery-1 img {\n\t\t\t\tborder: 2px solid #cfcfcf;\n\t\t\t}\n\t\t\t#gallery-1 .gallery-caption {\n\t\t\t\tmargin-left: 0;\n\t\t\t}\n\t\t\t\/* see gallery_shortcode() in wp-includes\/media.php *\/\n\t\t<\/style>\n\t\t<div id='gallery-1' class='gallery galleryid-8056 gallery-columns-1 gallery-size-medium'><dl class='gallery-item'>\n\t\t\t<dt class='gallery-icon portrait'>\n\t\t\t\t<a href='https:\/\/eurasiefreres.com\/wp-content\/uploads\/2024\/11\/ravioli-1-scaled.jpg'><img fetchpriority=\"high\" decoding=\"async\" width=\"225\" height=\"300\" src=\"https:\/\/eurasiefreres.com\/wp-content\/uploads\/2024\/11\/ravioli-1-225x300.jpg\" class=\"attachment-medium size-medium\" alt=\"\" srcset=\"https:\/\/eurasiefreres.com\/wp-content\/uploads\/2024\/11\/ravioli-1-225x300.jpg 225w, https:\/\/eurasiefreres.com\/wp-content\/uploads\/2024\/11\/ravioli-1-768x1024.jpg 768w, https:\/\/eurasiefreres.com\/wp-content\/uploads\/2024\/11\/ravioli-1-1152x1536.jpg 1152w, https:\/\/eurasiefreres.com\/wp-content\/uploads\/2024\/11\/ravioli-1-1536x2048.jpg 1536w, https:\/\/eurasiefreres.com\/wp-content\/uploads\/2024\/11\/ravioli-1-600x800.jpg 600w, https:\/\/eurasiefreres.com\/wp-content\/uploads\/2024\/11\/ravioli-1-scaled.jpg 1920w\" sizes=\"(max-width: 225px) 100vw, 225px\" \/><\/a>\n\t\t\t<\/dt><\/dl><br style=\"clear: both\" \/>\n\t\t<\/div>\n\n<table>\n<tbody>\n<tr>\n<td class=\"title\"><strong>D\u00e9tails d&#8217;emballage<\/strong><\/td>\n<td class=\"title\"><strong>Mode d&#8217;Emploi<\/strong><\/td>\n<td class=\"title\"><strong>Ingr\u00e9dients et allerg\u00e8nes (allerg\u00e8nes en <em>Italique<\/em><span style=\"font-family: inherit; font-size: inherit;\">)<\/span><\/strong><\/td>\n<\/tr>\n<tr>\n<td><strong>Grammage : 200 g<\/strong><br \/>\n<strong>Dimension : 15 x 19 x 4 cm<\/strong><br \/>\n<strong>Nombre de pqt \/ cartons : 24 pqt<\/strong><br \/>\n<strong>Poids \/ carton : 4,8 kg<\/strong><br \/>\n<strong>Nombre carton \/ pal. : 35 cartons<\/strong><br \/>\n<strong>Conservation frais : +3\u00b0C<\/strong><br \/>\n<strong>Conservation congel\u00e9 : -18\u00b0C<\/strong><\/td>\n<td><strong>Cuire dans un bouillon \u00e0 \u00e9bullition pendant 2 minutes ou faire frire.<\/strong><\/td>\n<td><strong>Porc (76%) origine UE, f\u00e9cule de pomme de terre, eau, farine de bl\u00e9, pousse de bambou, <em>gluten de bl\u00e9<\/em>, curcuma, <em>\u0153uf<\/em><em>, crevette<\/em>, sucre, sel, <em>huile de s\u00e9same<\/em>, poivre, ail, amidon de ma\u00efs, exhausteur de go\u00fbt : E621, conservateurs : E261i, E261ii, E270<\/strong><\/td>\n<\/tr>\n<\/tbody>\n<\/table>\n","protected":false},"excerpt":{"rendered":"<p style=\"color: #e4312c; font-size: 1.2rem; font-weight: 600;\">R\u00e9f : RA<\/p>\n<p>\u2744\ufe0f <strong>Disponible en frais et congel\u00e9<\/strong><br \/>\n<strong>\ud83c\uddeb\ud83c\uddf7\u00a0 Made in France<\/strong><\/p>\n<p><strong>Nos raviolis au porc et crevettes allient la tendret\u00e9 du porc et la saveur d\u00e9licate des crevettes dans une fine p\u00e2te au style artisanal. Avec un \u00e9quilibre parfait des saveurs et une texture juteuse et savoureuse, ils sont id\u00e9als pour la cuisson \u00e0 la vapeur, \u00e0 l\u2019eau ou \u00e0 la po\u00eale. Incontournables de la cuisine asiatique, ces raviolis offrent un go\u00fbt riche et une sensation authentique de fait-maison. Pratiques et faciles \u00e0 pr\u00e9parer, ils apportent des saveurs traditionnelles \u00e0 chaque repas.<\/strong><\/p>\n","protected":false},"featured_media":8057,"comment_status":"closed","ping_status":"closed","template":"","meta":[],"product_brand":[],"product_cat":[99],"product_tag":[],"class_list":{"0":"post-8056","1":"product","2":"type-product","3":"status-publish","4":"has-post-thumbnail","6":"product_cat-non-classe","8":"first","9":"instock","10":"shipping-taxable","11":"product-type-simple"},"_links":{"self":[{"href":"https:\/\/eurasiefreres.com\/en\/wp-json\/wp\/v2\/product\/8056","targetHints":{"allow":["GET"]}}],"collection":[{"href":"https:\/\/eurasiefreres.com\/en\/wp-json\/wp\/v2\/product"}],"about":[{"href":"https:\/\/eurasiefreres.com\/en\/wp-json\/wp\/v2\/types\/product"}],"replies":[{"embeddable":true,"href":"https:\/\/eurasiefreres.com\/en\/wp-json\/wp\/v2\/comments?post=8056"}],"wp:featuredmedia":[{"embeddable":true,"href":"https:\/\/eurasiefreres.com\/en\/wp-json\/wp\/v2\/media\/8057"}],"wp:attachment":[{"href":"https:\/\/eurasiefreres.com\/en\/wp-json\/wp\/v2\/media?parent=8056"}],"wp:term":[{"taxonomy":"product_brand","embeddable":true,"href":"https:\/\/eurasiefreres.com\/en\/wp-json\/wp\/v2\/product_brand?post=8056"},{"taxonomy":"product_cat","embeddable":true,"href":"https:\/\/eurasiefreres.com\/en\/wp-json\/wp\/v2\/product_cat?post=8056"},{"taxonomy":"product_tag","embeddable":true,"href":"https:\/\/eurasiefreres.com\/en\/wp-json\/wp\/v2\/product_tag?post=8056"}],"curies":[{"name":"wp","href":"https:\/\/api.w.org\/{rel}","templated":true}]}}