{"id":8076,"date":"2025-03-07T10:55:07","date_gmt":"2025-03-07T09:55:07","guid":{"rendered":"https:\/\/eurasiefreres.com\/product\/gio-dac-biet\/"},"modified":"2025-03-07T10:55:07","modified_gmt":"2025-03-07T09:55:07","slug":"gio-dac-biet","status":"publish","type":"product","link":"https:\/\/eurasiefreres.com\/en\/product\/gio-dac-biet\/","title":{"rendered":"GIO DAC BIET"},"content":{"rendered":"\n\t\t<style type=\"text\/css\">\n\t\t\t#gallery-1 {\n\t\t\t\tmargin: auto;\n\t\t\t}\n\t\t\t#gallery-1 .gallery-item {\n\t\t\t\tfloat: left;\n\t\t\t\tmargin-top: 10px;\n\t\t\t\ttext-align: center;\n\t\t\t\twidth: 100%;\n\t\t\t}\n\t\t\t#gallery-1 img {\n\t\t\t\tborder: 2px solid #cfcfcf;\n\t\t\t}\n\t\t\t#gallery-1 .gallery-caption {\n\t\t\t\tmargin-left: 0;\n\t\t\t}\n\t\t\t\/* see gallery_shortcode() in wp-includes\/media.php *\/\n\t\t<\/style>\n\t\t<div id='gallery-1' class='gallery galleryid-8076 gallery-columns-1 gallery-size-medium'><dl class='gallery-item'>\n\t\t\t<dt class='gallery-icon landscape'>\n\t\t\t\t<a href='https:\/\/eurasiefreres.com\/wp-content\/uploads\/2025\/04\/GIO-DAC-BIET-scaled.jpg'><img fetchpriority=\"high\" decoding=\"async\" width=\"300\" height=\"225\" src=\"https:\/\/eurasiefreres.com\/wp-content\/uploads\/2025\/04\/GIO-DAC-BIET-300x225.jpg\" class=\"attachment-medium size-medium\" alt=\"\" srcset=\"https:\/\/eurasiefreres.com\/wp-content\/uploads\/2025\/04\/GIO-DAC-BIET-300x225.jpg 300w, https:\/\/eurasiefreres.com\/wp-content\/uploads\/2025\/04\/GIO-DAC-BIET-1024x768.jpg 1024w, https:\/\/eurasiefreres.com\/wp-content\/uploads\/2025\/04\/GIO-DAC-BIET-768x576.jpg 768w, https:\/\/eurasiefreres.com\/wp-content\/uploads\/2025\/04\/GIO-DAC-BIET-1536x1152.jpg 1536w, https:\/\/eurasiefreres.com\/wp-content\/uploads\/2025\/04\/GIO-DAC-BIET-2048x1536.jpg 2048w, https:\/\/eurasiefreres.com\/wp-content\/uploads\/2025\/04\/GIO-DAC-BIET-600x450.jpg 600w\" sizes=\"(max-width: 300px) 100vw, 300px\" \/><\/a>\n\t\t\t<\/dt><\/dl><br style=\"clear: both\" \/>\n\t\t<\/div>\n\n<table>\n<tbody>\n<tr>\n<td class=\"title\">Packaging details<\/td>\n<td class=\"title\">Instructions for use<\/td>\n<td class=\"title\">Ingredients and allergens (allergens in italics)<\/td>\n<\/tr>\n<tr>\n<td>Weight: 500g<br \/>\nDimensions: 16 x 8 cm<br \/>\nNumber of packs per box: 24 packs<br \/>\nWeight per box: 12 kg*<br \/>\nNumber of boxes per pallet: 60 boxes<br \/>\nFresh storage: +3\u00b0C<br \/>\nFrozen storage: -18\u00b0C<br \/>\n*Also available in 24 kg fresh boxes and 20 kg frozen boxes.<\/td>\n<td><strong>Enjoy in a salad or sandwich.<\/strong><\/td>\n<td>&nbsp;<\/p>\n<p><strong>Porc (85%) origine France, eau, f\u00e9cule de pomme de terre, <em>sauce poisson (anchois<\/em>, sel, eau), sucre, sel, poivre, exhausteur de go\u00fbt : E621, poudres \u00e0 lever : E450i, E500ii, amidon de ma\u00efs, stabilisateurs : E450, E451, E452, <em>huile de s\u00e9same<\/em><\/strong><\/td>\n<\/tr>\n<\/tbody>\n<\/table>\n","protected":false},"excerpt":{"rendered":"<p style=\"color: #e4312c; font-size: 1.2rem; font-weight: 600;\">R\u00e9f : GD<\/p>\n<p>\u2744\ufe0f <strong>Available fresh and frozen<\/strong><br \/>\n<strong>\ud83c\uddeb\ud83c\uddf7 Made in France<\/strong><br \/>\n<strong>\ud83d\udc16 Pork 85% Origin France<\/strong><\/p>\n<p><strong>Discover our Gio Dac Biet, an authentic delicacy that brings together tradition and quality.<br \/>Made with 85% carefully selected European pork and entirely produced in France, it reflects traditional craftsmanship and full traceability. <\/strong><br \/>\n<strong>Gio Dac Biet is made from pork meat blended with a small amount of fat, resulting in a richer flavor, a more tender texture, and a more pronounced taste.<\/strong><\/p>\n","protected":false},"featured_media":6773,"comment_status":"closed","ping_status":"closed","template":"","meta":[],"product_brand":[],"product_cat":[104,99],"product_tag":[],"class_list":{"0":"post-8076","1":"product","2":"type-product","3":"status-publish","4":"has-post-thumbnail","6":"product_cat-gio","7":"product_cat-non-classe","9":"first","10":"instock","11":"shipping-taxable","12":"purchasable","13":"product-type-simple"},"_links":{"self":[{"href":"https:\/\/eurasiefreres.com\/en\/wp-json\/wp\/v2\/product\/8076","targetHints":{"allow":["GET"]}}],"collection":[{"href":"https:\/\/eurasiefreres.com\/en\/wp-json\/wp\/v2\/product"}],"about":[{"href":"https:\/\/eurasiefreres.com\/en\/wp-json\/wp\/v2\/types\/product"}],"replies":[{"embeddable":true,"href":"https:\/\/eurasiefreres.com\/en\/wp-json\/wp\/v2\/comments?post=8076"}],"wp:featuredmedia":[{"embeddable":true,"href":"https:\/\/eurasiefreres.com\/en\/wp-json\/wp\/v2\/media\/6773"}],"wp:attachment":[{"href":"https:\/\/eurasiefreres.com\/en\/wp-json\/wp\/v2\/media?parent=8076"}],"wp:term":[{"taxonomy":"product_brand","embeddable":true,"href":"https:\/\/eurasiefreres.com\/en\/wp-json\/wp\/v2\/product_brand?post=8076"},{"taxonomy":"product_cat","embeddable":true,"href":"https:\/\/eurasiefreres.com\/en\/wp-json\/wp\/v2\/product_cat?post=8076"},{"taxonomy":"product_tag","embeddable":true,"href":"https:\/\/eurasiefreres.com\/en\/wp-json\/wp\/v2\/product_tag?post=8076"}],"curies":[{"name":"wp","href":"https:\/\/api.w.org\/{rel}","templated":true}]}}